{"id":850,"date":"2020-04-14T17:25:46","date_gmt":"2020-04-14T15:25:46","guid":{"rendered":"https:\/\/thesee-datacenter.fr\/?page_id=850"},"modified":"2024-08-22T11:11:51","modified_gmt":"2024-08-22T09:11:51","slug":"datacenters","status":"publish","type":"page","link":"https:\/\/thesee-datacenter.fr\/en\/datacenters\/","title":{"rendered":"Datacenters"},"content":{"rendered":"<p>[et_pb_section fb_built=\u00a0\u00bb1&Prime; _builder_version=\u00a0\u00bb4.16&Prime; background_color=\u00a0\u00bbrgba(39,75,99,0.87)\u00a0\u00bb background_image=\u00a0\u00bbhttps:\/\/thesee-datacenter.fr\/en\/wp-content\/uploads\/2020\/04\/home-page-2.jpg\u00a0\u00bb background_blend=\u00a0\u00bbmultiply\u00a0\u00bb custom_padding=\u00a0\u00bb100px||||false|false\u00a0\u00bb saved_tabs=\u00a0\u00bball\u00a0\u00bb locked=\u00a0\u00bboff\u00a0\u00bb global_colors_info=\u00a0\u00bb{}\u00a0\u00bb][et_pb_row column_structure=\u00a0\u00bb1_5,3_5,1_5&Prime; use_custom_gutter=\u00a0\u00bbon\u00a0\u00bb make_equal=\u00a0\u00bbon\u00a0\u00bb disabled_on=\u00a0\u00bboff|off|off\u00a0\u00bb _builder_version=\u00a0\u00bb4.16&Prime; width=\u00a0\u00bb100%\u00a0\u00bb max_width=\u00a0\u00bb2560px\u00a0\u00bb custom_margin=\u00a0\u00bb||||false|false\u00a0\u00bb custom_padding=\u00a0\u00bb|||5px||\u00a0\u00bb global_colors_info=\u00a0\u00bb{}\u00a0\u00bb][et_pb_column type=\u00a0\u00bb1_5&Prime; _builder_version=\u00a0\u00bb4.16&Prime; global_colors_info=\u00a0\u00bb{}\u00a0\u00bb][\/et_pb_column][et_pb_column type=\u00a0\u00bb3_5&Prime; _builder_version=\u00a0\u00bb4.16&Prime; global_colors_info=\u00a0\u00bb{}\u00a0\u00bb][et_pb_image src=\u00a0\u00bbhttps:\/\/thesee-datacenter.fr\/en\/wp-content\/uploads\/2020\/02\/logo_the\u2560u\u0308se\u2560u\u0308e_reserve.png\u00a0\u00bb show_bottom_space=\u00a0\u00bboff\u00a0\u00bb disabled_on=\u00a0\u00bbon|on|off\u00a0\u00bb _builder_version=\u00a0\u00bb4.16&Prime; background_enable_image=\u00a0\u00bboff\u00a0\u00bb parallax=\u00a0\u00bbon\u00a0\u00bb width=\u00a0\u00bb50%\u00a0\u00bb max_width=\u00a0\u00bb71%\u00a0\u00bb module_alignment=\u00a0\u00bbcenter\u00a0\u00bb custom_margin=\u00a0\u00bb-108px||||false|false\u00a0\u00bb custom_padding=\u00a0\u00bb||0px||false|false\u00a0\u00bb animation_style=\u00a0\u00bbflip\u00a0\u00bb global_colors_info=\u00a0\u00bb{}\u00a0\u00bb][\/et_pb_image][et_pb_text _builder_version=\u00a0\u00bb4.16&Prime; _module_preset=\u00a0\u00bbdefault\u00a0\u00bb text_font=\u00a0\u00bbMontserrat|300|||||||\u00a0\u00bb text_text_color=\u00a0\u00bb#97B9CE\u00a0\u00bb text_font_size=\u00a0\u00bb30px\u00a0\u00bb header_3_font=\u00a0\u00bbJulius Sans One||||||||\u00a0\u00bb header_3_text_color=\u00a0\u00bb#97B9CE\u00a0\u00bb header_3_font_size=\u00a0\u00bb49px\u00a0\u00bb header_3_letter_spacing=\u00a0\u00bb4px\u00a0\u00bb text_orientation=\u00a0\u00bbcenter\u00a0\u00bb custom_margin=\u00a0\u00bb100px||||false|false\u00a0\u00bb custom_margin_tablet=\u00a0\u00bb0px||||false|false\u00a0\u00bb custom_margin_phone=\u00a0\u00bb0px||||false|false\u00a0\u00bb custom_margin_last_edited=\u00a0\u00bbon|phone\u00a0\u00bb animation_style=\u00a0\u00bbslide\u00a0\u00bb animation_direction=\u00a0\u00bbbottom\u00a0\u00bb animation_delay=\u00a0\u00bb25ms\u00a0\u00bb locked=\u00a0\u00bboff\u00a0\u00bb global_colors_info=\u00a0\u00bb{}\u00a0\u00bb]<\/p>\n<h3>Datacenters<\/h3>\n<p>[\/et_pb_text][dsm_icon_divider use_icon=\u00a0\u00bbon\u00a0\u00bb font_icon=\u00a0\u00bb&#x22;||divi||400&Prime; icon_color=\u00a0\u00bb#FFFFFF\u00a0\u00bb use_icon_font_size=\u00a0\u00bbon\u00a0\u00bb icon_font_size=\u00a0\u00bb25px\u00a0\u00bb color=\u00a0\u00bb#FFFFFF\u00a0\u00bb _builder_version=\u00a0\u00bb4.16&Prime; _module_preset=\u00a0\u00bbdefault\u00a0\u00bb width=\u00a0\u00bb30%\u00a0\u00bb module_alignment=\u00a0\u00bbcenter\u00a0\u00bb animation_style=\u00a0\u00bbslide\u00a0\u00bb animation_delay=\u00a0\u00bb25ms\u00a0\u00bb global_colors_info=\u00a0\u00bb{}\u00a0\u00bb][\/dsm_icon_divider][\/et_pb_column][et_pb_column type=\u00a0\u00bb1_5&Prime; _builder_version=\u00a0\u00bb4.16&Prime; global_colors_info=\u00a0\u00bb{}\u00a0\u00bb][\/et_pb_column][\/et_pb_row][\/et_pb_section][et_pb_section fb_built=\u00a0\u00bb1&Prime; disabled_on=\u00a0\u00bboff|off|off\u00a0\u00bb _builder_version=\u00a0\u00bb4.16&Prime; _module_preset=\u00a0\u00bbdefault\u00a0\u00bb use_background_color_gradient=\u00a0\u00bbon\u00a0\u00bb background_color_gradient_type=\u00a0\u00bbcircular\u00a0\u00bb background_color_gradient_stops=\u00a0\u00bb#ffffff 0%|#274b63 100%\u00a0\u00bb background_color_gradient_start=\u00a0\u00bb#ffffff\u00a0\u00bb background_color_gradient_end=\u00a0\u00bb#274b63&Prime; background_image=\u00a0\u00bbhttps:\/\/thesee-datacenter.fr\/en\/wp-content\/uploads\/2020\/02\/pattern_carre-e1580916917337.jpg\u00a0\u00bb background_size=\u00a0\u00bbinitial\u00a0\u00bb background_repeat=\u00a0\u00bbrepeat\u00a0\u00bb background_blend=\u00a0\u00bbmultiply\u00a0\u00bb custom_padding=\u00a0\u00bb0px||0px||false|false\u00a0\u00bb global_colors_info=\u00a0\u00bb{}\u00a0\u00bb][et_pb_row column_structure=\u00a0\u00bb1_3,1_3,1_3&Prime; use_custom_gutter=\u00a0\u00bbon\u00a0\u00bb gutter_width=\u00a0\u00bb1&Prime; make_equal=\u00a0\u00bbon\u00a0\u00bb _builder_version=\u00a0\u00bb4.16&Prime; _module_preset=\u00a0\u00bbdefault\u00a0\u00bb background_enable_color=\u00a0\u00bboff\u00a0\u00bb width=\u00a0\u00bb100%\u00a0\u00bb max_width=\u00a0\u00bb1500px\u00a0\u00bb custom_padding=\u00a0\u00bb0px||0px||false|false\u00a0\u00bb animation_style=\u00a0\u00bbslide\u00a0\u00bb animation_direction=\u00a0\u00bbbottom\u00a0\u00bb global_colors_info=\u00a0\u00bb{}\u00a0\u00bb][et_pb_column type=\u00a0\u00bb1_3&Prime; _builder_version=\u00a0\u00bb4.16&Prime; _module_preset=\u00a0\u00bbdefault\u00a0\u00bb background_color=\u00a0\u00bb#fcfcfc\u00a0\u00bb animation_direction=\u00a0\u00bbleft\u00a0\u00bb border_color_right=\u00a0\u00bb#DCE2E7&Prime; global_colors_info=\u00a0\u00bb{}\u00a0\u00bb][dsm_card title=\u00a0\u00bbEXCELLENCY\u00a0\u00bb image=\u00a0\u00bbhttps:\/\/thesee-datacenter.fr\/en\/wp-content\/uploads\/2023\/06\/Photo-drone.jpeg\u00a0\u00bb image_background_position=\u00a0\u00bbbottom\u00a0\u00bb badge_text=\u00a0\u00bbExcellency\u00a0\u00bb alt=\u00a0\u00bbThesee Datacenter\u00a0\u00bb button_url_new_window=\u00a0\u00bb1&Prime; _builder_version=\u00a0\u00bb4.16&Prime; _module_preset=\u00a0\u00bbdefault\u00a0\u00bb header_font=\u00a0\u00bb|800|||||||\u00a0\u00bb header_text_color=\u00a0\u00bb#274B63&Prime; header_font_size=\u00a0\u00bb30px\u00a0\u00bb body_text_color=\u00a0\u00bb#274B63&Prime; global_colors_info=\u00a0\u00bb{}\u00a0\u00bb]<\/p>\n<p class=\"p1\">Th\u00e9s\u00e9e DataCenter is a datacenter campus in the French \u00cele-de-France region certified Tier IV by the Uptime Institute. Achieving this highest level of certification implies that Th\u00e9s\u00e9e DataCenter is a so-called \u00ab\u00a0fault-tolerant\u00a0\u00bb site, meaning that no incident can impact IT production due to the very technical design of the infrastructures.<br \/>The Th\u00e9s\u00e9e DataCenter\u2019s management and operations process will comply with ISO 50.001 &#8211; which certifies the very high-energy efficiency of the datacenter &#8211; and ISO 14.001 which certifies the optimal management of environmental aspects.<br \/>Property security is also set at the highest standards, from the design of buildings in bunker mode, the securing of all openings, and the management of movements (intelligent airlock, strong authentication, biometrics, video surveillance, intrusion detection, surveillance 24 \/ 24H, etc.). Fire safety is reinforced by a dedicated detection system.<br \/>Finally, software protection is entrusted to a company of experts, a center that brings together Cyber Defense specialists. Th\u00e9s\u00e9e DataCenter applies all the rules and recommendations of ANSSI (National Agency for Information Systems Security).<\/p>\n<p>[\/dsm_card][\/et_pb_column][et_pb_column type=\u00a0\u00bb1_3&Prime; _builder_version=\u00a0\u00bb4.16&Prime; _module_preset=\u00a0\u00bbdefault\u00a0\u00bb background_color=\u00a0\u00bb#dce2e7&Prime; animation_direction=\u00a0\u00bbbottom\u00a0\u00bb border_width_right=\u00a0\u00bb4px\u00a0\u00bb border_color_right=\u00a0\u00bb#DCE2E7&Prime; border_width_left=\u00a0\u00bb5px\u00a0\u00bb border_color_left=\u00a0\u00bb#DCE2E7&Prime; global_colors_info=\u00a0\u00bb{}\u00a0\u00bb][dsm_card title=\u00a0\u00bbEXPERTISE\u00a0\u00bb image=\u00a0\u00bbhttps:\/\/thesee-datacenter.fr\/en\/wp-content\/uploads\/2023\/06\/FD-20230601_0118-1.jpg\u00a0\u00bb badge_text=\u00a0\u00bbExpertise\u00a0\u00bb alt=\u00a0\u00bbModularit\u00e9\u00a0\u00bb button_url_new_window=\u00a0\u00bb1&Prime; _builder_version=\u00a0\u00bb4.16&Prime; _module_preset=\u00a0\u00bbdefault\u00a0\u00bb header_font=\u00a0\u00bb|800|||||||\u00a0\u00bb header_text_color=\u00a0\u00bb#274B63&Prime; header_font_size=\u00a0\u00bb30px\u00a0\u00bb body_text_color=\u00a0\u00bb#274B63&Prime; global_colors_info=\u00a0\u00bb{}\u00a0\u00bb]<\/p>\n<p class=\"p1\">The PUE (Power Usage Effectiveness &#8211; the indicator of energy efficiency) will be less than 1.2, one of the very best PUEs in France. This energy performance will make it possible to achieve a price level much lower than the standards of the Parisian market, for Tier IV Data centers.<br \/>This very low PUE is the result of a still very innovative technology: Indirect Free Cooling, which drastically reduces energy consumption. This, therefore, results in a large energy-saving, with equal performance, and therefore also a significant reduction in the carbon footprint.<br \/>This technology, therefore, provides advantages both from an economic and environmental point of view.<br \/>Also with the aim of improving the energy model of the datacenter, an AI (Artificial Intelligence) solution has been implemented in order to make the best use of resources. Based on a physical measurement device at any point, the self-learning solution allows real-time and automatic control of key points of the operation of Data Centers, and in particular of their air conditioning.<\/p>\n<p>[\/dsm_card][\/et_pb_column][et_pb_column type=\u00a0\u00bb1_3&Prime; _builder_version=\u00a0\u00bb4.16&Prime; _module_preset=\u00a0\u00bbdefault\u00a0\u00bb background_color=\u00a0\u00bb#b1c2ce\u00a0\u00bb animation_direction=\u00a0\u00bbright\u00a0\u00bb global_colors_info=\u00a0\u00bb{}\u00a0\u00bb][dsm_card title=\u00a0\u00bbADAPTABILITY\u00a0\u00bb image=\u00a0\u00bbhttps:\/\/thesee-datacenter.fr\/en\/wp-content\/uploads\/2023\/06\/FD-20230601_0280-1.jpg\u00a0\u00bb badge_text=\u00a0\u00bbAdaptability\u00a0\u00bb alt=\u00a0\u00bbimage salle data\u00a0\u00bb button_url_new_window=\u00a0\u00bb1&Prime; _builder_version=\u00a0\u00bb4.16&Prime; _module_preset=\u00a0\u00bbdefault\u00a0\u00bb header_font=\u00a0\u00bb|800||on|||||\u00a0\u00bb header_text_color=\u00a0\u00bb#274B63&Prime; header_font_size=\u00a0\u00bb30px\u00a0\u00bb body_text_color=\u00a0\u00bb#274B63&Prime; global_colors_info=\u00a0\u00bb{}\u00a0\u00bb]<\/p>\n<p class=\"p1\">With six buildings with two rooms of 534 m2 in the long term, the total surface of the campus will reach 6,400 m2.<br \/>(See our 3D video)<br \/>Adaptable, the data center campus will offer electrical power modularity from the opening, which may vary from 1 to 3 MW per building. The campus will thus be able to meet the most varied demands in terms of IT surface, from the simple bay to the cage or the private room. If necessary, it will be possible to have your own private data center on our campus.<br \/>Th\u00e9s\u00e9e DataCenter will offer the same adaptability for electricity density, or for the type of urbanization. Data centers will be an optimized and economically very relevant solution for accommodating high power racks (up to 30 kW \/ rack) and the most critical applications.<\/p>\n<p class=\"p1\">\n<p class=\"p1\">\n<p class=\"p1\">\n<p class=\"p1\">\n<p class=\"p1\">\n<p class=\"p1\">\n<p class=\"p1\">[\/dsm_card][\/et_pb_column][\/et_pb_row][et_pb_row _builder_version=\u00a0\u00bb4.16&Prime; _module_preset=\u00a0\u00bbdefault\u00a0\u00bb width=\u00a0\u00bb100%\u00a0\u00bb max_width=\u00a0\u00bb1500px\u00a0\u00bb custom_margin=\u00a0\u00bb||0px||false|false\u00a0\u00bb custom_padding=\u00a0\u00bb0px||0px||false|false\u00a0\u00bb global_colors_info=\u00a0\u00bb{}\u00a0\u00bb][et_pb_column type=\u00a0\u00bb4_4&Prime; _builder_version=\u00a0\u00bb4.16&Prime; _module_preset=\u00a0\u00bbdefault\u00a0\u00bb global_colors_info=\u00a0\u00bb{}\u00a0\u00bb][et_pb_image src=\u00a0\u00bbhttps:\/\/thesee-datacenter.fr\/en\/wp-content\/uploads\/2024\/08\/Dual-site-1.png\u00a0\u00bb title_text=\u00a0\u00bbDual site (1)\u00a0\u00bb align=\u00a0\u00bbcenter\u00a0\u00bb force_fullwidth=\u00a0\u00bbon\u00a0\u00bb _builder_version=\u00a0\u00bb4.27.0&Prime; _module_preset=\u00a0\u00bbdefault\u00a0\u00bb hover_enabled=\u00a0\u00bb0&Prime; global_colors_info=\u00a0\u00bb{}\u00a0\u00bb sticky_enabled=\u00a0\u00bb0&Prime;][\/et_pb_image][\/et_pb_column][\/et_pb_row][\/et_pb_section][et_pb_section fb_built=\u00a0\u00bb1&Prime; admin_label=\u00a0\u00bbFooter home\u00a0\u00bb _builder_version=\u00a0\u00bb4.9.1&Prime; background_color=\u00a0\u00bb#274b63&Prime; custom_padding=\u00a0\u00bb||0px|||\u00a0\u00bb global_module=\u00a0\u00bb1513&Prime; saved_tabs=\u00a0\u00bball\u00a0\u00bb locked=\u00a0\u00bboff\u00a0\u00bb global_colors_info=\u00a0\u00bb{}\u00a0\u00bb][et_pb_row column_structure=\u00a0\u00bb1_2,1_6,1_6,1_6&Prime; _builder_version=\u00a0\u00bb4.16&Prime; background_color=\u00a0\u00bbrgba(0,0,0,0)\u00a0\u00bb width=\u00a0\u00bb100%\u00a0\u00bb max_width=\u00a0\u00bb1920px\u00a0\u00bb custom_padding=\u00a0\u00bb|5%||5%|false|false\u00a0\u00bb global_colors_info=\u00a0\u00bb{}\u00a0\u00bb][et_pb_column type=\u00a0\u00bb1_2&Prime; _builder_version=\u00a0\u00bb4.16&Prime; global_colors_info=\u00a0\u00bb{}\u00a0\u00bb][et_pb_text _builder_version=\u00a0\u00bb4.25.1&Prime; custom_margin=\u00a0\u00bb||11px|||\u00a0\u00bb global_colors_info=\u00a0\u00bb{}\u00a0\u00bb]<\/p>\n<p><img loading=\"lazy\" decoding=\"async\" class=\"wp-image-157 alignnone size-medium\" src=\"https:\/\/thesee-datacenter.fr\/en\/wp-content\/uploads\/2020\/02\/logo_the\u2560u\u0308se\u2560u\u0308e_reserve-300x112.png\" alt=\"\" width=\"300\" height=\"112\" \/><\/p>\n<p>[\/et_pb_text][et_pb_text _builder_version=\u00a0\u00bb4.25.1&Prime; text_text_color=\u00a0\u00bb#dce2e7&Prime; global_colors_info=\u00a0\u00bb{}\u00a0\u00bb]<\/p>\n<p><span style=\"color: #ffffff;\">Th\u00e9s\u00e9e Datacenter, a French expert in datacenter hosting, offers Tier IV certified solutions, ensuring maximum availability for your critical data.<\/span><\/p>\n<p><span style=\"color: #ffffff;\">With an exceptional PUE of 1.2, Th\u00e9s\u00e9e Datacenter combines maximum protection with environmental responsibility.<\/span><\/p>\n<p>[\/et_pb_text][\/et_pb_column][et_pb_column type=\u00a0\u00bb1_6&Prime; _builder_version=\u00a0\u00bb4.16&Prime; global_colors_info=\u00a0\u00bb{}\u00a0\u00bb][et_pb_blurb title=\u00a0\u00bbOUR LINKS \u00a0\u00bb use_icon=\u00a0\u00bbon\u00a0\u00bb font_icon=\u00a0\u00bb&#xe0ef;||divi||400&Prime; icon_color=\u00a0\u00bb#dce2e7&Prime; icon_placement=\u00a0\u00bbleft\u00a0\u00bb _builder_version=\u00a0\u00bb4.16&Prime; header_text_color=\u00a0\u00bb#97b9ce\u00a0\u00bb header_font_size=\u00a0\u00bb14px\u00a0\u00bb body_text_color=\u00a0\u00bb#dce2e7&Prime; body_font_size=\u00a0\u00bb12px\u00a0\u00bb body_line_height=\u00a0\u00bb0.9em\u00a0\u00bb custom_margin=\u00a0\u00bb40px|||||\u00a0\u00bb global_colors_info=\u00a0\u00bb{}\u00a0\u00bb]<\/p>\n<ul>\n<li><a href=\"\/prestations\/\">Services<\/a><\/li>\n<li><a href=\"\/datacenters\/\">Datacenters<\/a><\/li>\n<li><a href=\"\/pourquoithesee\/\">Why Th\u00e9s\u00e9e DC<\/a><\/li>\n<li><a href=\"\/societe\/\">Company<\/a><\/li>\n<li><a href=\"\/nos-partenaires-font-la-difference\/\">PARTNERS <\/a><\/li>\n<li><a href=\"\/contact\/\">Contact<\/a><\/li>\n<\/ul>\n<p>[\/et_pb_blurb][\/et_pb_column][et_pb_column type=\u00a0\u00bb1_6&Prime; _builder_version=\u00a0\u00bb4.16&Prime; _module_preset=\u00a0\u00bbdefault\u00a0\u00bb global_colors_info=\u00a0\u00bb{}\u00a0\u00bb][et_pb_icon font_icon=\u00a0\u00bb&#xe09d;||divi||400&Prime; icon_color=\u00a0\u00bb#ffc300&Prime; icon_width=\u00a0\u00bb50px\u00a0\u00bb url=\u00a0\u00bbhttps:\/\/fr.linkedin.com\/company\/thesee-datacenter-france\u00a0\u00bb align=\u00a0\u00bbleft\u00a0\u00bb _builder_version=\u00a0\u00bb4.27.0&Prime; _module_preset=\u00a0\u00bbdefault\u00a0\u00bb custom_margin=\u00a0\u00bb33px|||-25px|false|false\u00a0\u00bb global_colors_info=\u00a0\u00bb{}\u00a0\u00bb][\/et_pb_icon][\/et_pb_column][et_pb_column type=\u00a0\u00bb1_6&Prime; _builder_version=\u00a0\u00bb4.16&Prime; _module_preset=\u00a0\u00bbdefault\u00a0\u00bb global_colors_info=\u00a0\u00bb{}\u00a0\u00bb][et_pb_blurb title=\u00a0\u00bbCONTACT US\u00a0\u00bb use_icon=\u00a0\u00bbon\u00a0\u00bb font_icon=\u00a0\u00bb&#x76;||divi||400&Prime; icon_color=\u00a0\u00bb#dce2e7&Prime; icon_placement=\u00a0\u00bbleft\u00a0\u00bb _builder_version=\u00a0\u00bb4.27.0&Prime; header_text_color=\u00a0\u00bb#97b9ce\u00a0\u00bb header_font_size=\u00a0\u00bb14px\u00a0\u00bb body_text_color=\u00a0\u00bb#dce2e7&Prime; body_font_size=\u00a0\u00bb12px\u00a0\u00bb body_line_height=\u00a0\u00bb0.9em\u00a0\u00bb custom_margin=\u00a0\u00bb40px||-6px|-143px|false|false\u00a0\u00bb custom_margin_tablet=\u00a0\u00bb\u00a0\u00bb custom_margin_phone=\u00a0\u00bb|||0px|false|false\u00a0\u00bb custom_margin_last_edited=\u00a0\u00bbon|phone\u00a0\u00bb global_colors_info=\u00a0\u00bb{}\u00a0\u00bb]<\/p>\n<p><strong>Th\u00e9s\u00e9e DataCenter 1<\/strong><\/p>\n<p>32 rue du Clos Reine<\/p>\n<p>78410 Aubergenville<\/p>\n<p>&nbsp;<\/p>\n<p><strong>Th\u00e9s\u00e9e Data Center 2<\/strong><\/p>\n<p>146 Avenue Joseph Kessel<\/p>\n<p>78960 Voisins le Bretonneux<\/p>\n<p>&nbsp;<\/p>\n<p>[\/et_pb_blurb][et_pb_code _builder_version=\u00a0\u00bb4.27.0&Prime; _module_preset=\u00a0\u00bbdefault\u00a0\u00bb custom_margin=\u00a0\u00bb|||-92px|false|false\u00a0\u00bb custom_margin_tablet=\u00a0\u00bb\u00a0\u00bb custom_margin_phone=\u00a0\u00bb|||0px|false|false\u00a0\u00bb custom_margin_last_edited=\u00a0\u00bbon|phone\u00a0\u00bb global_colors_info=\u00a0\u00bb{}\u00a0\u00bb]<!-- [et_pb_line_break_holder] --><pee style=\"color: white;\"><!-- [et_pb_line_break_holder] -->  <a href=\"tel:+33185830380\" style=\"color: white; text-decoration: none;\"><!-- [et_pb_line_break_holder] -->    <i class=\"fas fa-phone-alt\"><\/i> +33 1 85 83 03 80<!-- [et_pb_line_break_holder] -->  <\/a><!-- [et_pb_line_break_holder] --><\/pee><!-- [et_pb_line_break_holder] --><pee style=\"color: white;\"><!-- [et_pb_line_break_holder] -->  <a href=\"mailto:contact@thesee-datacenter.fr\/en\/\" style=\"color: white; text-decoration: none;\"><!-- [et_pb_line_break_holder] -->    <i class=\"fas fa-envelope\"><\/i> contact@thesee-datacenter.fr\/en\/<!-- [et_pb_line_break_holder] -->  <\/a><!-- [et_pb_line_break_holder] --><\/pee><!-- [et_pb_line_break_holder] -->[\/et_pb_code][\/et_pb_column][\/et_pb_row][\/et_pb_section]<\/p>\n","protected":false},"excerpt":{"rendered":"<p>Datacenters<div class=\"et_pb_module dsm_icon_divider dsm_icon_divider_0 et_animated\">\n\t\t\t\t\n\t\t\t\t\n\t\t\t\t\n\t\t\t\t\n\t\t\t\t\n\t\t\t\t\n\t\t\t\t<div class=\"et_pb_module_inner\">\n\t\t\t\t\t<div class=\"dsm-icon-divider-wrapper dsm-icon-divider-align-center\">\n\t\t\t\t\n\t\t\t\t\n\t\t\t\t<div class=\"dsm-icon-divider-before dsm-divider\"><\/div>\n\t\t\t\t<div class=\"dsm-icon-divider-image\"><span class=\"dsm-icon-divider-image-wrap\"><span class=\"et-pb-icon\" style=\"color: #FFFFFF;\">&#x22;<\/span><\/span><\/div>\n\t\t\t\t<div class=\"dsm-icon-divider-after dsm-divider\"><\/div>\n\t\t\t<\/div>\n\t\t\t\t<\/div>\n\t\t\t<\/div><div class=\"et_pb_module dsm_card dsm_card_0 et_pb_bg_layout_light  dsm_card_layout_stacked\">\n\t\t\t\t\n\t\t\t\t\n\t\t\t\t\n\t\t\t\t\n\t\t\t\t\n\t\t\t\t\n\t\t\t\t<div class=\"et_pb_module_inner\">\n\t\t\t\t\t\n\t\t\t\n\t\t\t<figure class=\"dsm_card_image_wrapper dsm_card_badge_top_right\"><div class=\"dsm_card_image_background dsm_card_img\"><\/div><div class=\"dsm_card_badge_text\">Excellency<\/div><\/figure>\n\t\t\t<div class=\"et_pb_module dsm_card_wrapper et_pb_text_align_left\">\n\t\t\t\t\t\n\t\t\t\t\t<h4 class=\"dsm_card_title et_pb_module_header\">EXCELLENCY<\/h4>\n\t\t\t\t\t\n\t\t\t\t\t<div class=\"dsm_card_description\">Th\u00e9s\u00e9e DataCenter is a datacenter campus in the French \u00cele-de-France region certified Tier IV by the Uptime Institute. Achieving this highest level of certification implies that Th\u00e9s\u00e9e DataCenter is a so-called \u00ab\u00a0fault-tolerant\u00a0\u00bb site, meaning that no incident can impact IT production due to the very technical design of the infrastructures.The Th\u00e9s\u00e9e DataCenter\u2019s management and operations process will comply with ISO 50.001 &#8211; which certifies the very high-energy efficiency of the datacenter &#8211; and ISO 14.001 which certifies the optimal management of environmental aspects.Property security is also set at the highest standards, from the design of buildings in bunker mode, the securing of all openings, and the management of movements (intelligent airlock, strong authentication, biometrics, video surveillance, intrusion detection, surveillance 24 \/ 24H, etc.). Fire safety is reinforced by a dedicated detection system.Finally, software protection is entrusted to a company of experts, a center that brings together Cyber Defense specialists. Th\u00e9s\u00e9e DataCenter applies all the rules and recommendations of ANSSI (National Agency for Information Systems Security).<\/div>\n\t\t\t\t\t\n\t\t\t\t<\/div>\n\t\t\t\n\t\t\t\t<\/div>\n\t\t\t<\/div><div class=\"et_pb_module dsm_card dsm_card_1 et_pb_bg_layout_light  dsm_card_layout_stacked\">\n\t\t\t\t\n\t\t\t\t\n\t\t\t\t\n\t\t\t\t\n\t\t\t\t\n\t\t\t\t\n\t\t\t\t<div class=\"et_pb_module_inner\">\n\t\t\t\t\t\n\t\t\t\n\t\t\t<figure class=\"dsm_card_image_wrapper dsm_card_badge_top_right\"><div class=\"dsm_card_image_background dsm_card_img\"><\/div><div class=\"dsm_card_badge_text\">\u00bbExpertise<\/div><\/figure>\n\t\t\t<div class=\"et_pb_module dsm_card_wrapper et_pb_text_align_left\">\n\t\t\t\t\t\n\t\t\t\t\t<h4 class=\"dsm_card_title et_pb_module_header\">\u00bbEXPERTISE<\/h4>\n\t\t\t\t\t\n\t\t\t\t\t\n\t\t\t\t\t\n\t\t\t\t<\/div>\n\t\t\t\n\t\t\t\t<\/div>\n\t\t\t<\/div><\/p>\n","protected":false},"author":2,"featured_media":1358,"parent":0,"menu_order":0,"comment_status":"closed","ping_status":"closed","template":"","meta":{"_acf_changed":false,"_seopress_robots_primary_cat":"","_seopress_titles_title":"","_seopress_titles_desc":"","_seopress_robots_index":"","_et_pb_use_builder":"on","_et_pb_old_content":"","_et_gb_content_width":"","footnotes":""},"class_list":["post-850","page","type-page","status-publish","has-post-thumbnail","hentry"],"acf":[],"_links":{"self":[{"href":"https:\/\/thesee-datacenter.fr\/en\/wp-json\/wp\/v2\/pages\/850","targetHints":{"allow":["GET"]}}],"collection":[{"href":"https:\/\/thesee-datacenter.fr\/en\/wp-json\/wp\/v2\/pages"}],"about":[{"href":"https:\/\/thesee-datacenter.fr\/en\/wp-json\/wp\/v2\/types\/page"}],"author":[{"embeddable":true,"href":"https:\/\/thesee-datacenter.fr\/en\/wp-json\/wp\/v2\/users\/2"}],"replies":[{"embeddable":true,"href":"https:\/\/thesee-datacenter.fr\/en\/wp-json\/wp\/v2\/comments?post=850"}],"version-history":[{"count":58,"href":"https:\/\/thesee-datacenter.fr\/en\/wp-json\/wp\/v2\/pages\/850\/revisions"}],"predecessor-version":[{"id":2798,"href":"https:\/\/thesee-datacenter.fr\/en\/wp-json\/wp\/v2\/pages\/850\/revisions\/2798"}],"wp:featuredmedia":[{"embeddable":true,"href":"https:\/\/thesee-datacenter.fr\/en\/wp-json\/wp\/v2\/media\/1358"}],"wp:attachment":[{"href":"https:\/\/thesee-datacenter.fr\/en\/wp-json\/wp\/v2\/media?parent=850"}],"curies":[{"name":"wp","href":"https:\/\/api.w.org\/{rel}","templated":true}]}}